{"id":59,"date":"2025-09-05T18:39:24","date_gmt":"2025-09-05T15:39:24","guid":{"rendered":"https:\/\/neuropsykologisolu.fi\/?page_id=59"},"modified":"2026-02-02T21:43:50","modified_gmt":"2026-02-02T19:43:50","slug":"palvelut","status":"publish","type":"page","link":"https:\/\/neuropsykologisolu.fi\/?page_id=59","title":{"rendered":"Palvelut"},"content":{"rendered":"\n<p>Solussa tarjoamme neuropsykologisia kuntoutus- ja tutkimuspalveluja lapsille ja nuorille. Ty\u00f6skentelemme itsen\u00e4isin\u00e4 yritt\u00e4jin\u00e4, joten jokaisen neuropsykologin omalta <a href=\"https:\/\/neuropsykologisolu.fi\/?page_id=19\" data-type=\"page\" data-id=\"19\">esittelysivulta<\/a> l\u00f6yd\u00e4t tarkemmat tiedot h\u00e4nen tarjoamistaan palveluista sek\u00e4 palvelujen hinnat.<\/p>\n\n\n\n<ul class=\"wp-block-list\">\n<li>N<a href=\"https:\/\/neuropsykologisolu.fi\/?page_id=59#palse\" data-type=\"page\" data-id=\"59\">europsykologinen kuntoutus Pirhan palvelusetelill\u00e4<\/a><\/li>\n\n\n\n<li><a href=\"https:\/\/neuropsykologisolu.fi\/?page_id=59#vaativa\" data-type=\"page\" data-id=\"59\">Kelan vaativa l\u00e4\u00e4kinn\u00e4llinen kuntoutus<\/a><\/li>\n\n\n\n<li><a href=\"https:\/\/neuropsykologisolu.fi\/?page_id=59#harkinnanvarainen\" data-type=\"page\" data-id=\"59\">Kelan harkinnanvarainen kuntoutus<\/a><\/li>\n\n\n\n<li><a href=\"https:\/\/neuropsykologisolu.fi\/?page_id=59#tutkimus\" data-type=\"page\" data-id=\"59\">Neuropsykologinen tutkimus<\/a><\/li>\n<\/ul>\n\n\n\n<div class=\"wp-block-group has-border-color has-white-border-color has-palette-color-5-background-color has-background is-layout-constrained wp-container-core-group-is-layout-f9c61c5c wp-block-group-is-layout-constrained\" style=\"border-width:1px;border-radius:26px;margin-top:var(--wp--preset--spacing--60);margin-bottom:var(--wp--preset--spacing--60);padding-top:var(--wp--preset--spacing--50);padding-right:var(--wp--preset--spacing--50);padding-bottom:var(--wp--preset--spacing--50);padding-left:var(--wp--preset--spacing--50)\">\n<h4 class=\"wp-block-heading\" id=\"palse\">Neuropsykologinen kuntoutus Pirhan palvelusetelill\u00e4<\/h4>\n\n\n\n<p>Palvelusetelill\u00e4 hankittu kuntoutus on vaihtoehto Pirkanmaan hyvinvointialueen itse tuottamalle kuntoutuspalvelulle. Hyvinvointialue voi my\u00f6nt\u00e4\u00e4 palvelusetelin neuropsykologiseen kuntoutukseen lapsille ja nuorille, joilla on todettu v\u00e4hint\u00e4\u00e4n keskivaikeita vaikeuksia tiedonk\u00e4sittelyss\u00e4 tai k\u00e4ytt\u00e4ytymisess\u00e4. Kuntoutus toteutetaan l\u00e4hett\u00e4v\u00e4n tahon laatiman kuntoutussuunnitelman mukaisesti, ja sen pohjana on psykologin, yleens\u00e4 koulupsykologin, tekem\u00e4 tutkimus ja kuntoutussuositus. Palveluseteliss\u00e4 m\u00e4\u00e4ritell\u00e4\u00e4n my\u00f6s kuntoutusk\u00e4yntien ja niihin liittyvien neuvottelujen m\u00e4\u00e4r\u00e4. Neuropsykologisella kuntoutuksella tuetaan lapsen tai nuoren toimintakyky\u00e4 ja oppimista. Kuntoutus voi keskitty\u00e4 sek\u00e4 neurokognitiivisten h\u00e4iri\u00f6iden lievitt\u00e4miseen ett\u00e4 korvaavien keinojen vahvistamiseen. Kuntoutus on lasten ja nuorten osalta asiakkaalle maksutonta.<\/p>\n\n\n\n<p><a href=\"https:\/\/palse.fi\/\" data-type=\"link\" data-id=\"https:\/\/www.kela.fi\/vaativa-laakinnallinen-kuntoutus\" target=\"_blank\" rel=\"noreferrer noopener\">Palse.fi -portaali \u2192<\/a><\/p>\n<\/div>\n\n\n\n<div class=\"wp-block-group has-border-color has-white-border-color has-palette-color-5-background-color has-background is-layout-constrained wp-container-core-group-is-layout-f9c61c5c wp-block-group-is-layout-constrained\" style=\"border-width:1px;border-radius:26px;margin-top:var(--wp--preset--spacing--60);margin-bottom:var(--wp--preset--spacing--60);padding-top:var(--wp--preset--spacing--50);padding-right:var(--wp--preset--spacing--50);padding-bottom:var(--wp--preset--spacing--50);padding-left:var(--wp--preset--spacing--50)\">\n<h4 class=\"wp-block-heading\" id=\"vaativa\">Kelan vaativa l\u00e4\u00e4kinn\u00e4llinen kuntoutus (neuropsykologinen kuntoutus)<\/h4>\n\n\n\n<p>Kelan j\u00e4rjest\u00e4m\u00e4 vaativa l\u00e4\u00e4kinn\u00e4llinen kuntoutus&nbsp;tukee lapsen tai nuoren suoriutumista ja osallistumista arjen toiminnoissa, kuten kotona ja koulussa. Tavoitteena on parantaa ja yll\u00e4pit\u00e4\u00e4 toimintakyky\u00e4 sek\u00e4 oppimista. Kuntoutus auttaa my\u00f6s selviytym\u00e4\u00e4n erityisvaikeuksien kanssa, l\u00f6yt\u00e4m\u00e4\u00e4n keinoja arjen haasteisiin ja yll\u00e4pit\u00e4m\u00e4\u00e4n my\u00f6nteist\u00e4 min\u00e4kuvaa. Vaativan l\u00e4\u00e4kinn\u00e4llisen kuntoutuksen terapia my\u00f6nnet\u00e4\u00e4n yleens\u00e4 vuodeksi (40 x 45 min) tai enint\u00e4\u00e4n kolmeksi vuodeksi kerrallaan. Kuntoutus sis\u00e4lt\u00e4\u00e4 tarvittavat verkostoneuvottelut ja arkik\u00e4ynnit esimerkiksi koulussa.<\/p>\n\n\n\n<p>Neuropsykologisessa kuntoutuksessa voidaan harjoitella esimerkiksi:<\/p>\n\n\n\n<ul class=\"wp-block-list\">\n<li>tarkkaavuuden s\u00e4\u00e4tely\u00e4 ja toiminnanohjaustaitoja<\/li>\n\n\n\n<li>opiskelutaitoja ja muistitoimintoja<\/li>\n\n\n\n<li>lukemisen ja kirjoittamisen taitoja<\/li>\n\n\n\n<li>matemaattisia taitoja<\/li>\n\n\n\n<li>sosiaalista vuorovaikutusta ja kielellisi\u00e4 taitoja<\/li>\n\n\n\n<li>visuaalisia ja visuomotorisia toimintoja<\/li>\n<\/ul>\n\n\n\n<p>Kuntoutuksen tavoitteet ja sis\u00e4lt\u00f6 suunnitellaan aina yksil\u00f6llisesti julkisessa terveydenhuollossa laaditun kuntoutussuunnitelman ja sen pohjana olevan neuropsykologisen tutkimuksen perusteella. Kuntoutus on asiakkaalle maksutonta.<\/p>\n\n\n\n<p><a href=\"https:\/\/www.kela.fi\/vaativa-laakinnallinen-kuntoutus\" data-type=\"link\" data-id=\"https:\/\/www.kela.fi\/vaativa-laakinnallinen-kuntoutus\" target=\"_blank\" rel=\"noreferrer noopener\">Lue lis\u00e4\u00e4 Kelan sivuilta \u2192<\/a><\/p>\n<\/div>\n\n\n\n<div class=\"wp-block-group has-border-color has-white-border-color has-palette-color-5-background-color has-background is-layout-constrained wp-container-core-group-is-layout-63184cba wp-block-group-is-layout-constrained\" style=\"border-width:1px;border-radius:26px;margin-top:var(--wp--preset--spacing--60);margin-bottom:var(--wp--preset--spacing--60)\">\n<h4 class=\"wp-block-heading\" id=\"harkinnanvarainen\">Kelan harkinnanvarainen neuropsykologinen kuntoutus<\/h4>\n\n\n\n<p>Kela voi my\u00f6nt\u00e4\u00e4 tukea neuropsykologiseen kuntoutukseen peruskoulun p\u00e4\u00e4tt\u00e4neille nuorille 16-vuotiaasta alkaen tai opiskelijoille silloin, kun neuropsykologiset h\u00e4iri\u00f6t vaikeuttavat opiskelun aloittamista, opiskelua, tutkinnon suorittamista tai tulevassa ammatissa selviytymist\u00e4. Harkinnanvaraisessa neuropsykologisessa kuntoutuksessa Kelan maksaman korvauksen m\u00e4\u00e4r\u00e4 perustuu Kelan hyv\u00e4ksymiin <a href=\"https:\/\/www.kela.fi\/neuropsykologinen-kuntoutus-korvauksen-maara\" target=\"_blank\" rel=\"noreferrer noopener\">enimm\u00e4iskorvauksiin<\/a>. Asiakkaan maksettavaksi j\u00e4\u00e4 t\u00e4ll\u00f6in erotus korvauksen ja terapeutin perim\u00e4n palkkion v\u00e4lill\u00e4. Neuropsykologisen kuntoutuksen tarve voi liitty\u00e4 kehityksellisiin h\u00e4iri\u00f6ihin, oppimisvaikeuksiin, aivovaurioihin tai aivosairauksiin. Kehityksellisi\u00e4 h\u00e4iri\u00f6it\u00e4 ja oppimisvaikeuksia, joihin neuropsykologinen kuntoutus voi liitty\u00e4, ovat esimerkiksi:<\/p>\n\n\n\n<ul class=\"wp-block-list\">\n<li>lukemisen ja kirjoittamisen erityisvaikeudet<\/li>\n\n\n\n<li>hahmotush\u00e4iri\u00f6<\/li>\n\n\n\n<li>kehityksellinen kielih\u00e4iri\u00f6<\/li>\n\n\n\n<li>aktiivisuuden ja tarkkaavuuden h\u00e4iri\u00f6 (ADHD)<\/li>\n\n\n\n<li>monimuotoiset kehitykselliset h\u00e4iri\u00f6t<\/li>\n<\/ul>\n\n\n\n<p>Kela my\u00f6nt\u00e4\u00e4 neuropsykologista kuntoutusta yleens\u00e4 vuodeksi kerrallaan. Kelan tuella harkinnanvaraista neuropsykologista kuntoutusta voi saada enint\u00e4\u00e4n kolme vuotta. Kuntoutuksen aloittaminen edellytt\u00e4\u00e4 aina neuropsykologista tutkimusta.<\/p>\n\n\n\n<p><a href=\"https:\/\/www.kela.fi\/neuropsykologinen-kuntoutus\" data-type=\"link\" data-id=\"https:\/\/www.kela.fi\/neuropsykologinen-kuntoutus\" target=\"_blank\" rel=\"noreferrer noopener\">Lue lis\u00e4\u00e4 Kelan sivuilta \u2192<\/a><\/p>\n<\/div>\n\n\n\n<div class=\"wp-block-group has-border-color has-palette-color-5-background-color has-background is-layout-constrained wp-container-core-group-is-layout-73b1cf10 wp-block-group-is-layout-constrained\" style=\"border-color:#ffffff;border-width:1px;border-radius:26px;margin-top:var(--wp--preset--spacing--60);margin-bottom:var(--wp--preset--spacing--60);padding-top:var(--wp--preset--spacing--50);padding-right:var(--wp--preset--spacing--50);padding-bottom:var(--wp--preset--spacing--50);padding-left:var(--wp--preset--spacing--50)\">\n<h4 class=\"wp-block-heading\" id=\"tutkimus\">Lasten ja nuorten neuropsykologinen tutkimus<\/h4>\n\n\n\n<p>Neuropsykologisen tutkimuksen tavoitteena on selvitt\u00e4\u00e4 lapsen tai nuoren tiedonk\u00e4sittelyn taitoja, k\u00e4ytt\u00e4ytymist\u00e4 ja tunne-el\u00e4m\u00e4\u00e4. Tutkimuksen avulla voidaan l\u00f6yt\u00e4\u00e4 lapsen tai nuoren vahvuudet ja vaikeudet tai seurata taitojen kehittymist\u00e4. Samalla selvitet\u00e4\u00e4n, millaista tukea h\u00e4n tarvitsee arjessa ja koulussa. Jokaiselle lapselle tai nuorelle suunnitellaan yksil\u00f6llinen tutkimuskokonaisuus. Tutkimuksen j\u00e4lkeen perhe saa neuropsykologilta selke\u00e4n suullisen palautteen sek\u00e4 kirjallisen yhteenvedon suosituksineen.<\/p>\n\n\n\n<p><a href=\"https:\/\/neuropsykologia.fi\/wp-content\/uploads\/2021\/11\/neuro-lasten-tutkimus-final-a4full.pdf\" data-type=\"link\" data-id=\"https:\/\/www.kela.fi\/neuropsykologinen-kuntoutus\" target=\"_blank\" rel=\"noreferrer noopener\">Lue lis\u00e4\u00e4 Suomen neuropsykologisen yhdistyksen materiaalista \u2192<\/a><\/p>\n<\/div>\n\n\n\n<p><\/p>\n","protected":false},"excerpt":{"rendered":"<p>Solussa tarjoamme neuropsykologisia kuntoutus- ja tutkimuspalveluja lapsille ja nuorille. Ty\u00f6skentelemme itsen\u00e4isin\u00e4 yritt\u00e4jin\u00e4, joten jokaisen neuropsykologin omalta esittelysivulta l\u00f6yd\u00e4t tarkemmat tiedot h\u00e4nen tarjoamistaan palveluista sek\u00e4 palvelujen hinnat. Neuropsykologinen kuntoutus Pirhan palvelusetelill\u00e4 Palvelusetelill\u00e4 hankittu kuntoutus on vaihtoehto Pirkanmaan hyvinvointialueen itse tuottamalle kuntoutuspalvelulle. Hyvinvointialue voi my\u00f6nt\u00e4\u00e4 palvelusetelin neuropsykologiseen kuntoutukseen lapsille ja nuorille, joilla on todettu v\u00e4hint\u00e4\u00e4n keskivaikeita vaikeuksia [&hellip;]<\/p>\n","protected":false},"author":1,"featured_media":0,"parent":0,"menu_order":0,"comment_status":"closed","ping_status":"closed","template":"","meta":{"footnotes":""},"class_list":["post-59","page","type-page","status-publish","hentry"],"blocksy_meta":[],"yoast_head":"<!-- This site is optimized with the Yoast SEO plugin v27.4 - https:\/\/yoast.com\/product\/yoast-seo-wordpress\/ -->\n<title>Neuropsykologisia kuntoutus- ja tutkimuspalveluja - Solu<\/title>\n<meta name=\"description\" content=\"Meilt\u00e4 saat neuropsykologisia palveluja lapsille ja nuorille: kuntoutusta mm. Pirhan palvelusetelill\u00e4 ja Kelan palveluntuottajana.\" \/>\n<meta name=\"robots\" content=\"index, follow, max-snippet:-1, max-image-preview:large, max-video-preview:-1\" \/>\n<link rel=\"canonical\" href=\"https:\/\/neuropsykologisolu.fi\/?page_id=59\" \/>\n<meta property=\"og:locale\" content=\"fi_FI\" \/>\n<meta property=\"og:type\" content=\"article\" \/>\n<meta property=\"og:title\" content=\"Neuropsykologisia kuntoutus- ja tutkimuspalveluja - Solu\" \/>\n<meta property=\"og:description\" content=\"Meilt\u00e4 saat neuropsykologisia palveluja lapsille ja nuorille: kuntoutusta mm. Pirhan palvelusetelill\u00e4 ja Kelan palveluntuottajana.\" \/>\n<meta property=\"og:url\" content=\"https:\/\/neuropsykologisolu.fi\/?page_id=59\" \/>\n<meta property=\"og:site_name\" content=\"Pieni neuropsykologikeskus Solu\" \/>\n<meta property=\"article:modified_time\" content=\"2026-02-02T19:43:50+00:00\" \/>\n<meta name=\"twitter:card\" content=\"summary_large_image\" \/>\n<meta name=\"twitter:label1\" content=\"Arvioitu lukuaika\" \/>\n\t<meta name=\"twitter:data1\" content=\"3 minuuttia\" \/>\n<script type=\"application\/ld+json\" class=\"yoast-schema-graph\">{\"@context\":\"https:\\\/\\\/schema.org\",\"@graph\":[{\"@type\":\"WebPage\",\"@id\":\"https:\\\/\\\/neuropsykologisolu.fi\\\/?page_id=59\",\"url\":\"https:\\\/\\\/neuropsykologisolu.fi\\\/?page_id=59\",\"name\":\"Neuropsykologisia kuntoutus- ja tutkimuspalveluja - Solu\",\"isPartOf\":{\"@id\":\"https:\\\/\\\/neuropsykologisolu.fi\\\/#website\"},\"datePublished\":\"2025-09-05T15:39:24+00:00\",\"dateModified\":\"2026-02-02T19:43:50+00:00\",\"description\":\"Meilt\u00e4 saat neuropsykologisia palveluja lapsille ja nuorille: kuntoutusta mm. Pirhan palvelusetelill\u00e4 ja Kelan palveluntuottajana.\",\"breadcrumb\":{\"@id\":\"https:\\\/\\\/neuropsykologisolu.fi\\\/?page_id=59#breadcrumb\"},\"inLanguage\":\"fi\",\"potentialAction\":[{\"@type\":\"ReadAction\",\"target\":[\"https:\\\/\\\/neuropsykologisolu.fi\\\/?page_id=59\"]}]},{\"@type\":\"BreadcrumbList\",\"@id\":\"https:\\\/\\\/neuropsykologisolu.fi\\\/?page_id=59#breadcrumb\",\"itemListElement\":[{\"@type\":\"ListItem\",\"position\":1,\"name\":\"Etusivu\",\"item\":\"https:\\\/\\\/neuropsykologisolu.fi\\\/\"},{\"@type\":\"ListItem\",\"position\":2,\"name\":\"Palvelut\"}]},{\"@type\":\"WebSite\",\"@id\":\"https:\\\/\\\/neuropsykologisolu.fi\\\/#website\",\"url\":\"https:\\\/\\\/neuropsykologisolu.fi\\\/\",\"name\":\"Lasten neuropsykologista kuntoutusta Tampereella | Pieni neuropsykologikeskus Solu\",\"description\":\"Pieni neuropsykologikeskus Solu\",\"publisher\":{\"@id\":\"https:\\\/\\\/neuropsykologisolu.fi\\\/#organization\"},\"potentialAction\":[{\"@type\":\"SearchAction\",\"target\":{\"@type\":\"EntryPoint\",\"urlTemplate\":\"https:\\\/\\\/neuropsykologisolu.fi\\\/?s={search_term_string}\"},\"query-input\":{\"@type\":\"PropertyValueSpecification\",\"valueRequired\":true,\"valueName\":\"search_term_string\"}}],\"inLanguage\":\"fi\"},{\"@type\":\"Organization\",\"@id\":\"https:\\\/\\\/neuropsykologisolu.fi\\\/#organization\",\"name\":\"Pieni neuropsykologikeskus Solu\",\"url\":\"https:\\\/\\\/neuropsykologisolu.fi\\\/\",\"logo\":{\"@type\":\"ImageObject\",\"inLanguage\":\"fi\",\"@id\":\"https:\\\/\\\/neuropsykologisolu.fi\\\/#\\\/schema\\\/logo\\\/image\\\/\",\"url\":\"https:\\\/\\\/neuropsykologisolu.fi\\\/wp-content\\\/uploads\\\/2025\\\/10\\\/cropped-Solu-pieni.png\",\"contentUrl\":\"https:\\\/\\\/neuropsykologisolu.fi\\\/wp-content\\\/uploads\\\/2025\\\/10\\\/cropped-Solu-pieni.png\",\"width\":512,\"height\":512,\"caption\":\"Pieni neuropsykologikeskus Solu\"},\"image\":{\"@id\":\"https:\\\/\\\/neuropsykologisolu.fi\\\/#\\\/schema\\\/logo\\\/image\\\/\"}}]}<\/script>\n<!-- \/ Yoast SEO plugin. -->","yoast_head_json":{"title":"Neuropsykologisia kuntoutus- ja tutkimuspalveluja - Solu","description":"Meilt\u00e4 saat neuropsykologisia palveluja lapsille ja nuorille: kuntoutusta mm. Pirhan palvelusetelill\u00e4 ja Kelan palveluntuottajana.","robots":{"index":"index","follow":"follow","max-snippet":"max-snippet:-1","max-image-preview":"max-image-preview:large","max-video-preview":"max-video-preview:-1"},"canonical":"https:\/\/neuropsykologisolu.fi\/?page_id=59","og_locale":"fi_FI","og_type":"article","og_title":"Neuropsykologisia kuntoutus- ja tutkimuspalveluja - Solu","og_description":"Meilt\u00e4 saat neuropsykologisia palveluja lapsille ja nuorille: kuntoutusta mm. Pirhan palvelusetelill\u00e4 ja Kelan palveluntuottajana.","og_url":"https:\/\/neuropsykologisolu.fi\/?page_id=59","og_site_name":"Pieni neuropsykologikeskus Solu","article_modified_time":"2026-02-02T19:43:50+00:00","twitter_card":"summary_large_image","twitter_misc":{"Arvioitu lukuaika":"3 minuuttia"},"schema":{"@context":"https:\/\/schema.org","@graph":[{"@type":"WebPage","@id":"https:\/\/neuropsykologisolu.fi\/?page_id=59","url":"https:\/\/neuropsykologisolu.fi\/?page_id=59","name":"Neuropsykologisia kuntoutus- ja tutkimuspalveluja - Solu","isPartOf":{"@id":"https:\/\/neuropsykologisolu.fi\/#website"},"datePublished":"2025-09-05T15:39:24+00:00","dateModified":"2026-02-02T19:43:50+00:00","description":"Meilt\u00e4 saat neuropsykologisia palveluja lapsille ja nuorille: kuntoutusta mm. Pirhan palvelusetelill\u00e4 ja Kelan palveluntuottajana.","breadcrumb":{"@id":"https:\/\/neuropsykologisolu.fi\/?page_id=59#breadcrumb"},"inLanguage":"fi","potentialAction":[{"@type":"ReadAction","target":["https:\/\/neuropsykologisolu.fi\/?page_id=59"]}]},{"@type":"BreadcrumbList","@id":"https:\/\/neuropsykologisolu.fi\/?page_id=59#breadcrumb","itemListElement":[{"@type":"ListItem","position":1,"name":"Etusivu","item":"https:\/\/neuropsykologisolu.fi\/"},{"@type":"ListItem","position":2,"name":"Palvelut"}]},{"@type":"WebSite","@id":"https:\/\/neuropsykologisolu.fi\/#website","url":"https:\/\/neuropsykologisolu.fi\/","name":"Lasten neuropsykologista kuntoutusta Tampereella | Pieni neuropsykologikeskus Solu","description":"Pieni neuropsykologikeskus Solu","publisher":{"@id":"https:\/\/neuropsykologisolu.fi\/#organization"},"potentialAction":[{"@type":"SearchAction","target":{"@type":"EntryPoint","urlTemplate":"https:\/\/neuropsykologisolu.fi\/?s={search_term_string}"},"query-input":{"@type":"PropertyValueSpecification","valueRequired":true,"valueName":"search_term_string"}}],"inLanguage":"fi"},{"@type":"Organization","@id":"https:\/\/neuropsykologisolu.fi\/#organization","name":"Pieni neuropsykologikeskus Solu","url":"https:\/\/neuropsykologisolu.fi\/","logo":{"@type":"ImageObject","inLanguage":"fi","@id":"https:\/\/neuropsykologisolu.fi\/#\/schema\/logo\/image\/","url":"https:\/\/neuropsykologisolu.fi\/wp-content\/uploads\/2025\/10\/cropped-Solu-pieni.png","contentUrl":"https:\/\/neuropsykologisolu.fi\/wp-content\/uploads\/2025\/10\/cropped-Solu-pieni.png","width":512,"height":512,"caption":"Pieni neuropsykologikeskus Solu"},"image":{"@id":"https:\/\/neuropsykologisolu.fi\/#\/schema\/logo\/image\/"}}]}},"_links":{"self":[{"href":"https:\/\/neuropsykologisolu.fi\/index.php?rest_route=\/wp\/v2\/pages\/59","targetHints":{"allow":["GET"]}}],"collection":[{"href":"https:\/\/neuropsykologisolu.fi\/index.php?rest_route=\/wp\/v2\/pages"}],"about":[{"href":"https:\/\/neuropsykologisolu.fi\/index.php?rest_route=\/wp\/v2\/types\/page"}],"author":[{"embeddable":true,"href":"https:\/\/neuropsykologisolu.fi\/index.php?rest_route=\/wp\/v2\/users\/1"}],"replies":[{"embeddable":true,"href":"https:\/\/neuropsykologisolu.fi\/index.php?rest_route=%2Fwp%2Fv2%2Fcomments&post=59"}],"version-history":[{"count":56,"href":"https:\/\/neuropsykologisolu.fi\/index.php?rest_route=\/wp\/v2\/pages\/59\/revisions"}],"predecessor-version":[{"id":248,"href":"https:\/\/neuropsykologisolu.fi\/index.php?rest_route=\/wp\/v2\/pages\/59\/revisions\/248"}],"wp:attachment":[{"href":"https:\/\/neuropsykologisolu.fi\/index.php?rest_route=%2Fwp%2Fv2%2Fmedia&parent=59"}],"curies":[{"name":"wp","href":"https:\/\/api.w.org\/{rel}","templated":true}]}}